{"id":31,"date":"2019-03-17T13:43:30","date_gmt":"2019-03-17T12:43:30","guid":{"rendered":"https:\/\/www.ksv-gf.de\/?page_id=31"},"modified":"2019-11-21T00:43:04","modified_gmt":"2019-11-20T23:43:04","slug":"schiesssportleiter","status":"publish","type":"page","link":"https:\/\/www.ksv-gf.de\/?page_id=31","title":{"rendered":"Schie\u00dfsportleiter"},"content":{"rendered":"\n<p>Die T\u00e4tigkeit als Schie\u00dfsportleiter umfasst die Sicherung der organisatorischen Abl\u00e4ufe innerhalb des Schie\u00dfsportbetriebes auf Vereinsebene. Aufgabenschwerpunkte sind Planung, Organisation, Durchf\u00fchrung und Auswertung:<\/p>\n\n\n\n<p>schie\u00dfsportlicher Veranstaltungen und Angebote<br>\nTrainings- und Wettkampfbetrieb<\/p>\n\n\n\n<p>Vorrausetzung:<\/p>\n\n\n\n<ul class=\"wp-block-list\"><li> Mindestalter 18 Jahre<\/li><li> G\u00fcltige Erste-Hilfe-Ausbildung (9 LE)<\/li><li> Waffensachkunde-Lizenz <\/li><\/ul>\n\n\n\n<p>Lerninhalte:<br> Kompetenzen in den Bereichen:<\/p>\n\n\n\n<ul class=\"wp-block-list\"><li>Umgang mit Verschiedenheit (Gender Mainstreaming\/Diversity Managm.) <\/li><li> Grundlagen der Teamentwicklung<\/li><li> Grundlagen von Regeln und Wettkampfsystemen <\/li><li> Grundlagen zur Planung und Gestaltung des Schie\u00dfbetriebes<\/li><li> Organisation von Training und Wettkampf <\/li><li> Einsatz von Hilfsmitteln im Anf\u00e4ngertraining<\/li><li> Kreative Vereinsangebote entwickeln, umsetzen und auswerten <\/li><li> Allgemeine Verwaltungsverfahren<\/li><li> Ber\u00fchrungspunkte Verein\/Verband mit seinen Untergliederungen <\/li><li> Grundlagen zur Planung und Gestaltung von Zusammenk\u00fcnften\/Versammlungen<\/li><li> Einladungsgestaltung <\/li><li> Checkliste f\u00fcr einen Versammlungsbericht<\/li><li> Versammlungsleitung <\/li><li> Qualifizierungsm\u00f6glichkeiten innerhalb des Landesverbandes<\/li><li> Verhaltensweisen im Zusammenhang mit Haftung-, Aufsichts- und Sorgfaltspflicht <\/li><li> Vereinsrechtliche Grundlagen<\/li><\/ul>\n\n\n\n<p>Ziele:<\/p>\n\n\n\n<p>Aufbauend auf vorhandene Kenntnisse und Erfahrungen der Teilnehmenden wird eine Weiterentwicklung der folgender Punkte angestrebt:<\/p>\n\n\n\n<p>ER\/SIE: <\/p>\n\n\n\n<ul class=\"wp-block-list\"><li>ist sich seiner Vorbildfunktion und der Verantwortung im Umgang mit     Sportlern bewusst und handelt entsprechend<\/li><li> ist sensibilisiert im Umgang mit Mitarbeitern und Arbeitsgruppen <\/li><li> kennt Struktur, Funktion und Bedeutung der Sportart Sportschiessen und deren rechtliche Grundlagen.<\/li><li> setzt sie im Prozess der zielgruppenorientierten Mitgliedergewinnung, F\u00f6rderung und Bindung entsprechend um <\/li><li> kennt und ber\u00fccksichtigt das Regelwerk des DSB<\/li><li> kann den Schie\u00dfbetrieb aufbauen und betreuen <\/li><li> besitzt Grundkenntnisse \u00fcber innovative, zielgruppenorientierte Sportger\u00e4te und entsprechende Sporteinrichtungen sowie deren Umgang<\/li><li> kann Mitarbeiterinnen und Mitarbeiter motivieren<\/li><\/ul>\n","protected":false},"excerpt":{"rendered":"<p>Die T\u00e4tigkeit als Schie\u00dfsportleiter umfasst die Sicherung der organisatorischen Abl\u00e4ufe innerhalb des Schie\u00dfsportbetriebes auf Vereinsebene. Aufgabenschwerpunkte sind Planung, Organisation, Durchf\u00fchrung und Auswertung: schie\u00dfsportlicher Veranstaltungen und Angebote Trainings- und Wettkampfbetrieb Vorrausetzung: &hellip; <\/p>\n<p class=\"link-more\"><a href=\"https:\/\/www.ksv-gf.de\/?page_id=31\" class=\"more-link\"><span class=\"screen-reader-text\">\u201eSchie\u00dfsportleiter\u201c <\/span>weiterlesen<\/a><\/p>\n","protected":false},"author":1,"featured_media":0,"parent":36,"menu_order":0,"comment_status":"closed","ping_status":"closed","template":"","meta":{"footnotes":""},"class_list":["post-31","page","type-page","status-publish","hentry"],"yoast_head":"<!-- This site is optimized with the Yoast SEO plugin v27.1.1 - https:\/\/yoast.com\/product\/yoast-seo-wordpress\/ -->\n<title>Schie\u00dfsportleiter - KSV Gifhorn<\/title>\n<meta name=\"robots\" content=\"index, follow, max-snippet:-1, max-image-preview:large, max-video-preview:-1\" \/>\n<link rel=\"canonical\" href=\"https:\/\/www.ksv-gf.de\/?page_id=31\" \/>\n<meta property=\"og:locale\" content=\"de_DE\" \/>\n<meta property=\"og:type\" content=\"article\" \/>\n<meta property=\"og:title\" content=\"Schie\u00dfsportleiter - KSV Gifhorn\" \/>\n<meta property=\"og:description\" content=\"Die T\u00e4tigkeit als Schie\u00dfsportleiter umfasst die Sicherung der organisatorischen Abl\u00e4ufe innerhalb des Schie\u00dfsportbetriebes auf Vereinsebene. Aufgabenschwerpunkte sind Planung, Organisation, Durchf\u00fchrung und Auswertung: schie\u00dfsportlicher Veranstaltungen und Angebote Trainings- und Wettkampfbetrieb Vorrausetzung: &hellip; \u201eSchie\u00dfsportleiter\u201c weiterlesen\" \/>\n<meta property=\"og:url\" content=\"https:\/\/www.ksv-gf.de\/?page_id=31\" \/>\n<meta property=\"og:site_name\" content=\"KSV Gifhorn\" \/>\n<meta property=\"article:modified_time\" content=\"2019-11-20T23:43:04+00:00\" \/>\n<meta name=\"twitter:card\" content=\"summary_large_image\" \/>\n<meta name=\"twitter:label1\" content=\"Gesch\u00e4tzte Lesezeit\" \/>\n\t<meta name=\"twitter:data1\" content=\"1\u00a0Minute\" \/>\n<script type=\"application\/ld+json\" class=\"yoast-schema-graph\">{\"@context\":\"https:\/\/schema.org\",\"@graph\":[{\"@type\":\"WebPage\",\"@id\":\"https:\/\/www.ksv-gf.de\/?page_id=31\",\"url\":\"https:\/\/www.ksv-gf.de\/?page_id=31\",\"name\":\"Schie\u00dfsportleiter - KSV Gifhorn\",\"isPartOf\":{\"@id\":\"https:\/\/www.ksv-gf.de\/#website\"},\"datePublished\":\"2019-03-17T12:43:30+00:00\",\"dateModified\":\"2019-11-20T23:43:04+00:00\",\"breadcrumb\":{\"@id\":\"https:\/\/www.ksv-gf.de\/?page_id=31#breadcrumb\"},\"inLanguage\":\"de\",\"potentialAction\":[{\"@type\":\"ReadAction\",\"target\":[\"https:\/\/www.ksv-gf.de\/?page_id=31\"]}]},{\"@type\":\"BreadcrumbList\",\"@id\":\"https:\/\/www.ksv-gf.de\/?page_id=31#breadcrumb\",\"itemListElement\":[{\"@type\":\"ListItem\",\"position\":1,\"name\":\"Startseite\",\"item\":\"https:\/\/www.ksv-gf.de\/\"},{\"@type\":\"ListItem\",\"position\":2,\"name\":\"Bildung\",\"item\":\"https:\/\/www.ksv-gf.de\/?page_id=36\"},{\"@type\":\"ListItem\",\"position\":3,\"name\":\"Schie\u00dfsportleiter\"}]},{\"@type\":\"WebSite\",\"@id\":\"https:\/\/www.ksv-gf.de\/#website\",\"url\":\"https:\/\/www.ksv-gf.de\/\",\"name\":\"KSV Gifhorn\",\"description\":\"\",\"publisher\":{\"@id\":\"https:\/\/www.ksv-gf.de\/#organization\"},\"potentialAction\":[{\"@type\":\"SearchAction\",\"target\":{\"@type\":\"EntryPoint\",\"urlTemplate\":\"https:\/\/www.ksv-gf.de\/?s={search_term_string}\"},\"query-input\":{\"@type\":\"PropertyValueSpecification\",\"valueRequired\":true,\"valueName\":\"search_term_string\"}}],\"inLanguage\":\"de\"},{\"@type\":\"Organization\",\"@id\":\"https:\/\/www.ksv-gf.de\/#organization\",\"name\":\"Kreissch\u00fctzenverband Gifhorn e.V.\",\"url\":\"https:\/\/www.ksv-gf.de\/\",\"logo\":{\"@type\":\"ImageObject\",\"inLanguage\":\"de\",\"@id\":\"https:\/\/www.ksv-gf.de\/#\/schema\/logo\/image\/\",\"url\":\"https:\/\/www.ksv-gf.de\/wp-content\/uploads\/2021\/05\/cropped-WAPPEN-KSV-GIFHORN_NEU.png\",\"contentUrl\":\"https:\/\/www.ksv-gf.de\/wp-content\/uploads\/2021\/05\/cropped-WAPPEN-KSV-GIFHORN_NEU.png\",\"width\":204,\"height\":250,\"caption\":\"Kreissch\u00fctzenverband Gifhorn e.V.\"},\"image\":{\"@id\":\"https:\/\/www.ksv-gf.de\/#\/schema\/logo\/image\/\"}}]}<\/script>\n<!-- \/ Yoast SEO plugin. -->","yoast_head_json":{"title":"Schie\u00dfsportleiter - KSV Gifhorn","robots":{"index":"index","follow":"follow","max-snippet":"max-snippet:-1","max-image-preview":"max-image-preview:large","max-video-preview":"max-video-preview:-1"},"canonical":"https:\/\/www.ksv-gf.de\/?page_id=31","og_locale":"de_DE","og_type":"article","og_title":"Schie\u00dfsportleiter - KSV Gifhorn","og_description":"Die T\u00e4tigkeit als Schie\u00dfsportleiter umfasst die Sicherung der organisatorischen Abl\u00e4ufe innerhalb des Schie\u00dfsportbetriebes auf Vereinsebene. Aufgabenschwerpunkte sind Planung, Organisation, Durchf\u00fchrung und Auswertung: schie\u00dfsportlicher Veranstaltungen und Angebote Trainings- und Wettkampfbetrieb Vorrausetzung: &hellip; \u201eSchie\u00dfsportleiter\u201c weiterlesen","og_url":"https:\/\/www.ksv-gf.de\/?page_id=31","og_site_name":"KSV Gifhorn","article_modified_time":"2019-11-20T23:43:04+00:00","twitter_card":"summary_large_image","twitter_misc":{"Gesch\u00e4tzte Lesezeit":"1\u00a0Minute"},"schema":{"@context":"https:\/\/schema.org","@graph":[{"@type":"WebPage","@id":"https:\/\/www.ksv-gf.de\/?page_id=31","url":"https:\/\/www.ksv-gf.de\/?page_id=31","name":"Schie\u00dfsportleiter - KSV Gifhorn","isPartOf":{"@id":"https:\/\/www.ksv-gf.de\/#website"},"datePublished":"2019-03-17T12:43:30+00:00","dateModified":"2019-11-20T23:43:04+00:00","breadcrumb":{"@id":"https:\/\/www.ksv-gf.de\/?page_id=31#breadcrumb"},"inLanguage":"de","potentialAction":[{"@type":"ReadAction","target":["https:\/\/www.ksv-gf.de\/?page_id=31"]}]},{"@type":"BreadcrumbList","@id":"https:\/\/www.ksv-gf.de\/?page_id=31#breadcrumb","itemListElement":[{"@type":"ListItem","position":1,"name":"Startseite","item":"https:\/\/www.ksv-gf.de\/"},{"@type":"ListItem","position":2,"name":"Bildung","item":"https:\/\/www.ksv-gf.de\/?page_id=36"},{"@type":"ListItem","position":3,"name":"Schie\u00dfsportleiter"}]},{"@type":"WebSite","@id":"https:\/\/www.ksv-gf.de\/#website","url":"https:\/\/www.ksv-gf.de\/","name":"KSV Gifhorn","description":"","publisher":{"@id":"https:\/\/www.ksv-gf.de\/#organization"},"potentialAction":[{"@type":"SearchAction","target":{"@type":"EntryPoint","urlTemplate":"https:\/\/www.ksv-gf.de\/?s={search_term_string}"},"query-input":{"@type":"PropertyValueSpecification","valueRequired":true,"valueName":"search_term_string"}}],"inLanguage":"de"},{"@type":"Organization","@id":"https:\/\/www.ksv-gf.de\/#organization","name":"Kreissch\u00fctzenverband Gifhorn e.V.","url":"https:\/\/www.ksv-gf.de\/","logo":{"@type":"ImageObject","inLanguage":"de","@id":"https:\/\/www.ksv-gf.de\/#\/schema\/logo\/image\/","url":"https:\/\/www.ksv-gf.de\/wp-content\/uploads\/2021\/05\/cropped-WAPPEN-KSV-GIFHORN_NEU.png","contentUrl":"https:\/\/www.ksv-gf.de\/wp-content\/uploads\/2021\/05\/cropped-WAPPEN-KSV-GIFHORN_NEU.png","width":204,"height":250,"caption":"Kreissch\u00fctzenverband Gifhorn e.V."},"image":{"@id":"https:\/\/www.ksv-gf.de\/#\/schema\/logo\/image\/"}}]}},"jetpack_sharing_enabled":true,"publishpress_future_action":{"enabled":false,"date":"2026-05-06 11:27:31","action":"change-status","newStatus":"draft","terms":[],"taxonomy":"","extraData":[]},"publishpress_future_workflow_manual_trigger":{"enabledWorkflows":[]},"_links":{"self":[{"href":"https:\/\/www.ksv-gf.de\/index.php?rest_route=\/wp\/v2\/pages\/31","targetHints":{"allow":["GET"]}}],"collection":[{"href":"https:\/\/www.ksv-gf.de\/index.php?rest_route=\/wp\/v2\/pages"}],"about":[{"href":"https:\/\/www.ksv-gf.de\/index.php?rest_route=\/wp\/v2\/types\/page"}],"author":[{"embeddable":true,"href":"https:\/\/www.ksv-gf.de\/index.php?rest_route=\/wp\/v2\/users\/1"}],"replies":[{"embeddable":true,"href":"https:\/\/www.ksv-gf.de\/index.php?rest_route=%2Fwp%2Fv2%2Fcomments&post=31"}],"version-history":[{"count":3,"href":"https:\/\/www.ksv-gf.de\/index.php?rest_route=\/wp\/v2\/pages\/31\/revisions"}],"predecessor-version":[{"id":241,"href":"https:\/\/www.ksv-gf.de\/index.php?rest_route=\/wp\/v2\/pages\/31\/revisions\/241"}],"up":[{"embeddable":true,"href":"https:\/\/www.ksv-gf.de\/index.php?rest_route=\/wp\/v2\/pages\/36"}],"wp:attachment":[{"href":"https:\/\/www.ksv-gf.de\/index.php?rest_route=%2Fwp%2Fv2%2Fmedia&parent=31"}],"curies":[{"name":"wp","href":"https:\/\/api.w.org\/{rel}","templated":true}]}}