{"id":29,"date":"2019-03-17T13:43:09","date_gmt":"2019-03-17T12:43:09","guid":{"rendered":"https:\/\/www.ksv-gf.de\/?page_id=29"},"modified":"2021-07-01T09:56:25","modified_gmt":"2021-07-01T07:56:25","slug":"jugend-basis-lizenz","status":"publish","type":"page","link":"https:\/\/www.ksv-gf.de\/?page_id=29","title":{"rendered":"Jugend Basis Lizenz"},"content":{"rendered":"\n<p>Diese Ausbildung richtet sich an Personen die in der Jugendarbeit aktiv sind. Seit eingen Jahren sind auch hier rechtliche Neuerungen g\u00fcltig, die f\u00fcr die aufsichtsf\u00fchrenden Personen in der Jugendarbeit eine spezielle Qualifikation fordern. <\/p>\n\n\n\n<p>Wer keine l\u00e4ngeren Ausbildungsg\u00e4nge besuchen kann\/m\u00f6chte kann sich in dieser kurzen Form f\u00fcr diese Arbeit ausreichend qualifizieren.<\/p>\n\n\n\n<p>Handlungsfeld:<\/p>\n\n\n\n<p>Der Jugend-Basis-Lizenzinhaber ist in seiner T\u00e4tigkeit die verantwortliche Aufsichtsperson im Sinne des \u00a727 Abs. 3 des WaffG und ist sich damit seiner besonderen Stellung und Verantwortung im Umgang mit Kindern und Jugendlichen bewusst. Die Teilnehmenden sollen sensibilisiert und f\u00fcr die weiteren Bildungsangebote des NSSV motiviert werden, um die Ausbildung zumindest bis zur 1. Lizenzstufe zu vollenden. Mit diesem Abschluss wird die Best\u00e4tigung dokumentiert, in einem Verein eine kleinere, fest beschriebene Aufgabe zu \u00fcbernehmen. Die JuBaLi kann auch eine Ma\u00dfnahme f\u00fcr Personen sein, sich auf eine bestimmte T\u00e4tigkeit vorzubereiten, ohne weiterf\u00fchrende Lizenzen erwerben zu wollen.<\/p>\n\n\n\n<p>Ziele:<\/p>\n\n\n\n<p>Aufbauend auf die bei den TN bereits vorhandene Vorstufenqualifikation und eigene Erfahrungen wird durch die aufgef\u00fchrten Inhalte eine Weiterentwicklung der entsprechenden Kompetenzen in Bezug auf Jugendliche angestrebt. <\/p>\n\n\n\n<p>Inhalte:<\/p>\n\n\n\n<ul class=\"wp-block-list\"><li>P\u00e4dagogik<\/li><li>Aufsichtspflicht<\/li><li>Struktur, Funktion und Bedeutung der Sportart Sportschie\u00dfen<\/li><li>Regelkunde<\/li><li>Grundlegendste Technikkenntnisse im breitensportlichen Schie\u00dfen<\/li><li>Planung- Orga- und Durchf\u00fchrungskompetenzen von Trainingseinheiten<\/li><li>Grundlegendstes Wissen \u00fcber Trainingsmethodik und deren Vermittlung im Anf\u00e4ngerbereich<\/li><li>Einsatz von Hilfsmitteln im Anf\u00e4ngertraining<\/li><\/ul>\n\n\n\n<p>Voraussetzungen:<\/p>\n\n\n\n<ul class=\"wp-block-list\"><li>Vollendung des 18. Lebensjahres<\/li><li>Mitgliedschaft in einem dem DSB angeschlossenen Verein<\/li><li>Waffensachkunde nach DSB Konzeption<\/li><li>G\u00fcltiger &#8222;Erste-Hilfe-Grundausbildung&#8220; Nachweis (9 LE)<\/li><\/ul>\n\n\n\n<p>Dauer:<\/p>\n\n\n\n<ul class=\"wp-block-list\"><li>mind. 17 Lerneinheiten (LE, 1xLE=45 Min.)<\/li><\/ul>\n\n\n\n<p>Pr\u00fcfung:<\/p>\n\n\n\n<ul class=\"wp-block-list\"><li>Beurteilung\/Einsch\u00e4tzung des Gesamteindrucks<\/li><li>Punktuelle Lernerfolgskontrollen in Form von kleinen Aufgaben<\/li><\/ul>\n\n\n\n<p>G\u00fcltigkeit:<\/p>\n\n\n\n<ul class=\"wp-block-list\"><li>unbegrenzt<\/li><\/ul>\n","protected":false},"excerpt":{"rendered":"<p>Diese Ausbildung richtet sich an Personen die in der Jugendarbeit aktiv sind. Seit eingen Jahren sind auch hier rechtliche Neuerungen g\u00fcltig, die f\u00fcr die aufsichtsf\u00fchrenden Personen in der Jugendarbeit eine &hellip; <\/p>\n<p class=\"link-more\"><a href=\"https:\/\/www.ksv-gf.de\/?page_id=29\" class=\"more-link\"><span class=\"screen-reader-text\">\u201eJugend Basis Lizenz\u201c <\/span>weiterlesen<\/a><\/p>\n","protected":false},"author":1,"featured_media":0,"parent":36,"menu_order":0,"comment_status":"closed","ping_status":"closed","template":"","meta":{"footnotes":""},"class_list":["post-29","page","type-page","status-publish","hentry"],"yoast_head":"<!-- This site is optimized with the Yoast SEO plugin v27.1.1 - https:\/\/yoast.com\/product\/yoast-seo-wordpress\/ -->\n<title>Jugend Basis Lizenz - KSV Gifhorn<\/title>\n<meta name=\"robots\" content=\"index, follow, max-snippet:-1, max-image-preview:large, max-video-preview:-1\" \/>\n<link rel=\"canonical\" href=\"https:\/\/www.ksv-gf.de\/?page_id=29\" \/>\n<meta property=\"og:locale\" content=\"de_DE\" \/>\n<meta property=\"og:type\" content=\"article\" \/>\n<meta property=\"og:title\" content=\"Jugend Basis Lizenz - KSV Gifhorn\" \/>\n<meta property=\"og:description\" content=\"Diese Ausbildung richtet sich an Personen die in der Jugendarbeit aktiv sind. Seit eingen Jahren sind auch hier rechtliche Neuerungen g\u00fcltig, die f\u00fcr die aufsichtsf\u00fchrenden Personen in der Jugendarbeit eine &hellip; \u201eJugend Basis Lizenz\u201c weiterlesen\" \/>\n<meta property=\"og:url\" content=\"https:\/\/www.ksv-gf.de\/?page_id=29\" \/>\n<meta property=\"og:site_name\" content=\"KSV Gifhorn\" \/>\n<meta property=\"article:modified_time\" content=\"2021-07-01T07:56:25+00:00\" \/>\n<meta name=\"twitter:card\" content=\"summary_large_image\" \/>\n<meta name=\"twitter:label1\" content=\"Gesch\u00e4tzte Lesezeit\" \/>\n\t<meta name=\"twitter:data1\" content=\"2\u00a0Minuten\" \/>\n<script type=\"application\/ld+json\" class=\"yoast-schema-graph\">{\"@context\":\"https:\/\/schema.org\",\"@graph\":[{\"@type\":\"WebPage\",\"@id\":\"https:\/\/www.ksv-gf.de\/?page_id=29\",\"url\":\"https:\/\/www.ksv-gf.de\/?page_id=29\",\"name\":\"Jugend Basis Lizenz - KSV Gifhorn\",\"isPartOf\":{\"@id\":\"https:\/\/www.ksv-gf.de\/#website\"},\"datePublished\":\"2019-03-17T12:43:09+00:00\",\"dateModified\":\"2021-07-01T07:56:25+00:00\",\"breadcrumb\":{\"@id\":\"https:\/\/www.ksv-gf.de\/?page_id=29#breadcrumb\"},\"inLanguage\":\"de\",\"potentialAction\":[{\"@type\":\"ReadAction\",\"target\":[\"https:\/\/www.ksv-gf.de\/?page_id=29\"]}]},{\"@type\":\"BreadcrumbList\",\"@id\":\"https:\/\/www.ksv-gf.de\/?page_id=29#breadcrumb\",\"itemListElement\":[{\"@type\":\"ListItem\",\"position\":1,\"name\":\"Startseite\",\"item\":\"https:\/\/www.ksv-gf.de\/\"},{\"@type\":\"ListItem\",\"position\":2,\"name\":\"Bildung\",\"item\":\"https:\/\/www.ksv-gf.de\/?page_id=36\"},{\"@type\":\"ListItem\",\"position\":3,\"name\":\"Jugend Basis Lizenz\"}]},{\"@type\":\"WebSite\",\"@id\":\"https:\/\/www.ksv-gf.de\/#website\",\"url\":\"https:\/\/www.ksv-gf.de\/\",\"name\":\"KSV Gifhorn\",\"description\":\"\",\"publisher\":{\"@id\":\"https:\/\/www.ksv-gf.de\/#organization\"},\"potentialAction\":[{\"@type\":\"SearchAction\",\"target\":{\"@type\":\"EntryPoint\",\"urlTemplate\":\"https:\/\/www.ksv-gf.de\/?s={search_term_string}\"},\"query-input\":{\"@type\":\"PropertyValueSpecification\",\"valueRequired\":true,\"valueName\":\"search_term_string\"}}],\"inLanguage\":\"de\"},{\"@type\":\"Organization\",\"@id\":\"https:\/\/www.ksv-gf.de\/#organization\",\"name\":\"Kreissch\u00fctzenverband Gifhorn e.V.\",\"url\":\"https:\/\/www.ksv-gf.de\/\",\"logo\":{\"@type\":\"ImageObject\",\"inLanguage\":\"de\",\"@id\":\"https:\/\/www.ksv-gf.de\/#\/schema\/logo\/image\/\",\"url\":\"https:\/\/www.ksv-gf.de\/wp-content\/uploads\/2021\/05\/cropped-WAPPEN-KSV-GIFHORN_NEU.png\",\"contentUrl\":\"https:\/\/www.ksv-gf.de\/wp-content\/uploads\/2021\/05\/cropped-WAPPEN-KSV-GIFHORN_NEU.png\",\"width\":204,\"height\":250,\"caption\":\"Kreissch\u00fctzenverband Gifhorn e.V.\"},\"image\":{\"@id\":\"https:\/\/www.ksv-gf.de\/#\/schema\/logo\/image\/\"}}]}<\/script>\n<!-- \/ Yoast SEO plugin. -->","yoast_head_json":{"title":"Jugend Basis Lizenz - KSV Gifhorn","robots":{"index":"index","follow":"follow","max-snippet":"max-snippet:-1","max-image-preview":"max-image-preview:large","max-video-preview":"max-video-preview:-1"},"canonical":"https:\/\/www.ksv-gf.de\/?page_id=29","og_locale":"de_DE","og_type":"article","og_title":"Jugend Basis Lizenz - KSV Gifhorn","og_description":"Diese Ausbildung richtet sich an Personen die in der Jugendarbeit aktiv sind. Seit eingen Jahren sind auch hier rechtliche Neuerungen g\u00fcltig, die f\u00fcr die aufsichtsf\u00fchrenden Personen in der Jugendarbeit eine &hellip; \u201eJugend Basis Lizenz\u201c weiterlesen","og_url":"https:\/\/www.ksv-gf.de\/?page_id=29","og_site_name":"KSV Gifhorn","article_modified_time":"2021-07-01T07:56:25+00:00","twitter_card":"summary_large_image","twitter_misc":{"Gesch\u00e4tzte Lesezeit":"2\u00a0Minuten"},"schema":{"@context":"https:\/\/schema.org","@graph":[{"@type":"WebPage","@id":"https:\/\/www.ksv-gf.de\/?page_id=29","url":"https:\/\/www.ksv-gf.de\/?page_id=29","name":"Jugend Basis Lizenz - KSV Gifhorn","isPartOf":{"@id":"https:\/\/www.ksv-gf.de\/#website"},"datePublished":"2019-03-17T12:43:09+00:00","dateModified":"2021-07-01T07:56:25+00:00","breadcrumb":{"@id":"https:\/\/www.ksv-gf.de\/?page_id=29#breadcrumb"},"inLanguage":"de","potentialAction":[{"@type":"ReadAction","target":["https:\/\/www.ksv-gf.de\/?page_id=29"]}]},{"@type":"BreadcrumbList","@id":"https:\/\/www.ksv-gf.de\/?page_id=29#breadcrumb","itemListElement":[{"@type":"ListItem","position":1,"name":"Startseite","item":"https:\/\/www.ksv-gf.de\/"},{"@type":"ListItem","position":2,"name":"Bildung","item":"https:\/\/www.ksv-gf.de\/?page_id=36"},{"@type":"ListItem","position":3,"name":"Jugend Basis Lizenz"}]},{"@type":"WebSite","@id":"https:\/\/www.ksv-gf.de\/#website","url":"https:\/\/www.ksv-gf.de\/","name":"KSV Gifhorn","description":"","publisher":{"@id":"https:\/\/www.ksv-gf.de\/#organization"},"potentialAction":[{"@type":"SearchAction","target":{"@type":"EntryPoint","urlTemplate":"https:\/\/www.ksv-gf.de\/?s={search_term_string}"},"query-input":{"@type":"PropertyValueSpecification","valueRequired":true,"valueName":"search_term_string"}}],"inLanguage":"de"},{"@type":"Organization","@id":"https:\/\/www.ksv-gf.de\/#organization","name":"Kreissch\u00fctzenverband Gifhorn e.V.","url":"https:\/\/www.ksv-gf.de\/","logo":{"@type":"ImageObject","inLanguage":"de","@id":"https:\/\/www.ksv-gf.de\/#\/schema\/logo\/image\/","url":"https:\/\/www.ksv-gf.de\/wp-content\/uploads\/2021\/05\/cropped-WAPPEN-KSV-GIFHORN_NEU.png","contentUrl":"https:\/\/www.ksv-gf.de\/wp-content\/uploads\/2021\/05\/cropped-WAPPEN-KSV-GIFHORN_NEU.png","width":204,"height":250,"caption":"Kreissch\u00fctzenverband Gifhorn e.V."},"image":{"@id":"https:\/\/www.ksv-gf.de\/#\/schema\/logo\/image\/"}}]}},"jetpack_sharing_enabled":true,"publishpress_future_action":{"enabled":false,"date":"2026-05-05 01:48:18","action":"change-status","newStatus":"draft","terms":[],"taxonomy":"","extraData":[]},"publishpress_future_workflow_manual_trigger":{"enabledWorkflows":[]},"_links":{"self":[{"href":"https:\/\/www.ksv-gf.de\/index.php?rest_route=\/wp\/v2\/pages\/29","targetHints":{"allow":["GET"]}}],"collection":[{"href":"https:\/\/www.ksv-gf.de\/index.php?rest_route=\/wp\/v2\/pages"}],"about":[{"href":"https:\/\/www.ksv-gf.de\/index.php?rest_route=\/wp\/v2\/types\/page"}],"author":[{"embeddable":true,"href":"https:\/\/www.ksv-gf.de\/index.php?rest_route=\/wp\/v2\/users\/1"}],"replies":[{"embeddable":true,"href":"https:\/\/www.ksv-gf.de\/index.php?rest_route=%2Fwp%2Fv2%2Fcomments&post=29"}],"version-history":[{"count":7,"href":"https:\/\/www.ksv-gf.de\/index.php?rest_route=\/wp\/v2\/pages\/29\/revisions"}],"predecessor-version":[{"id":1224,"href":"https:\/\/www.ksv-gf.de\/index.php?rest_route=\/wp\/v2\/pages\/29\/revisions\/1224"}],"up":[{"embeddable":true,"href":"https:\/\/www.ksv-gf.de\/index.php?rest_route=\/wp\/v2\/pages\/36"}],"wp:attachment":[{"href":"https:\/\/www.ksv-gf.de\/index.php?rest_route=%2Fwp%2Fv2%2Fmedia&parent=29"}],"curies":[{"name":"wp","href":"https:\/\/api.w.org\/{rel}","templated":true}]}}