{"id":27,"date":"2019-03-17T13:35:20","date_gmt":"2019-03-17T12:35:20","guid":{"rendered":"https:\/\/www.ksv-gf.de\/?page_id=27"},"modified":"2019-11-21T00:45:08","modified_gmt":"2019-11-20T23:45:08","slug":"waffensachkunde","status":"publish","type":"page","link":"https:\/\/www.ksv-gf.de\/?page_id=27","title":{"rendered":"Waffensachkunde"},"content":{"rendered":"\n<p>Die\n Sachkundeausbildung sichert die vom Waffenrecht geforderte \nQualifikation f\u00fcr Erwerb, Besitz und Transport von Waffen und Munition. \nSie ist ebenfalls erforderlich f\u00fcr verantwortliche Aufsichtspersonen auf\n Schie\u00dfst\u00e4tten f\u00fcr Feuerwaffen.<\/p>\n\n\n\n<p><br><strong>Vorrausetzung:<\/strong><\/p>\n\n\n\n<ul class=\"wp-block-list\"><li>Mindestalter 18 Jahre<\/li><\/ul>\n\n\n\n<p><strong>Besonderheiten:<\/strong><\/p>\n\n\n\n<ul class=\"wp-block-list\"><li>Erwerb der Waffensachkunde<\/li><li> Erwerb der &#8222;Aufsicht Feuerwaffen&#8220;-Lizenz<\/li><\/ul>\n\n\n\n<p><strong>Lerninhalte:<\/strong><\/p>\n\n\n\n<ul class=\"wp-block-list\"><li>Waffenrechtliche Grundlagen<\/li><li> Beschussrechtliche Grundlagen<\/li><li> Notwehr und Notstand<\/li><li> Waffentechnische Grundlagen<\/li><li> Handhabung von Schusswaffen<\/li><\/ul>\n\n\n\n<p><em><strong>Ziele:<\/strong><\/em><\/p>\n\n\n\n<p>Die Sachkunde versetzt den k\u00fcnftigen Waffenbesitzer oder die verantwortliche Aufsichtsperson (Schie\u00df- und Standaufsicht) bei Feuerwaffen in die Lage, mit einer Schusswaffe sach- und fachgerecht umzugehen sowie die erforderlichen rechtlichen Voraussetzungen f\u00fcr diesen Umgang zu beherrschen. Die Kenntnis der rechtlichen Voraussetzungen des Umgangs mit Waffen stellt sicher, dass eine Gef\u00e4hrdung der \u00f6ffentlichen Sicherheit oder Ordnung durch den Sportsch\u00fctzen ebenso verhindert wird wie ein Versto\u00df gegen straf- oder bu\u00dfgeldbewehrte Vorschriften. Schie\u00dfsportliche Fertigkeiten hat der Sportsch\u00fctze bereits als Mitglied seines Vereins im Vereinstraining erworben. Ihre Vermittlung ist daher nicht Gegenstand der Sachkundeausbildung. Sie sind im Rahmen der abzulegenden Pr\u00fcfung nachzuweisen.<\/p>\n","protected":false},"excerpt":{"rendered":"<p>Die Sachkundeausbildung sichert die vom Waffenrecht geforderte Qualifikation f\u00fcr Erwerb, Besitz und Transport von Waffen und Munition. Sie ist ebenfalls erforderlich f\u00fcr verantwortliche Aufsichtspersonen auf Schie\u00dfst\u00e4tten f\u00fcr Feuerwaffen. Vorrausetzung: Mindestalter &hellip; <\/p>\n<p class=\"link-more\"><a href=\"https:\/\/www.ksv-gf.de\/?page_id=27\" class=\"more-link\"><span class=\"screen-reader-text\">\u201eWaffensachkunde\u201c <\/span>weiterlesen<\/a><\/p>\n","protected":false},"author":1,"featured_media":0,"parent":36,"menu_order":0,"comment_status":"closed","ping_status":"closed","template":"","meta":{"footnotes":""},"class_list":["post-27","page","type-page","status-publish","hentry"],"yoast_head":"<!-- This site is optimized with the Yoast SEO plugin v27.1.1 - https:\/\/yoast.com\/product\/yoast-seo-wordpress\/ -->\n<title>Waffensachkunde - KSV Gifhorn<\/title>\n<meta name=\"robots\" content=\"index, follow, max-snippet:-1, max-image-preview:large, max-video-preview:-1\" \/>\n<link rel=\"canonical\" href=\"https:\/\/www.ksv-gf.de\/?page_id=27\" \/>\n<meta property=\"og:locale\" content=\"de_DE\" \/>\n<meta property=\"og:type\" content=\"article\" \/>\n<meta property=\"og:title\" content=\"Waffensachkunde - KSV Gifhorn\" \/>\n<meta property=\"og:description\" content=\"Die Sachkundeausbildung sichert die vom Waffenrecht geforderte Qualifikation f\u00fcr Erwerb, Besitz und Transport von Waffen und Munition. Sie ist ebenfalls erforderlich f\u00fcr verantwortliche Aufsichtspersonen auf Schie\u00dfst\u00e4tten f\u00fcr Feuerwaffen. Vorrausetzung: Mindestalter &hellip; \u201eWaffensachkunde\u201c weiterlesen\" \/>\n<meta property=\"og:url\" content=\"https:\/\/www.ksv-gf.de\/?page_id=27\" \/>\n<meta property=\"og:site_name\" content=\"KSV Gifhorn\" \/>\n<meta property=\"article:modified_time\" content=\"2019-11-20T23:45:08+00:00\" \/>\n<meta name=\"twitter:card\" content=\"summary_large_image\" \/>\n<meta name=\"twitter:label1\" content=\"Gesch\u00e4tzte Lesezeit\" \/>\n\t<meta name=\"twitter:data1\" content=\"1\u00a0Minute\" \/>\n<script type=\"application\/ld+json\" class=\"yoast-schema-graph\">{\"@context\":\"https:\/\/schema.org\",\"@graph\":[{\"@type\":\"WebPage\",\"@id\":\"https:\/\/www.ksv-gf.de\/?page_id=27\",\"url\":\"https:\/\/www.ksv-gf.de\/?page_id=27\",\"name\":\"Waffensachkunde - KSV Gifhorn\",\"isPartOf\":{\"@id\":\"https:\/\/www.ksv-gf.de\/#website\"},\"datePublished\":\"2019-03-17T12:35:20+00:00\",\"dateModified\":\"2019-11-20T23:45:08+00:00\",\"breadcrumb\":{\"@id\":\"https:\/\/www.ksv-gf.de\/?page_id=27#breadcrumb\"},\"inLanguage\":\"de\",\"potentialAction\":[{\"@type\":\"ReadAction\",\"target\":[\"https:\/\/www.ksv-gf.de\/?page_id=27\"]}]},{\"@type\":\"BreadcrumbList\",\"@id\":\"https:\/\/www.ksv-gf.de\/?page_id=27#breadcrumb\",\"itemListElement\":[{\"@type\":\"ListItem\",\"position\":1,\"name\":\"Startseite\",\"item\":\"https:\/\/www.ksv-gf.de\/\"},{\"@type\":\"ListItem\",\"position\":2,\"name\":\"Bildung\",\"item\":\"https:\/\/www.ksv-gf.de\/?page_id=36\"},{\"@type\":\"ListItem\",\"position\":3,\"name\":\"Waffensachkunde\"}]},{\"@type\":\"WebSite\",\"@id\":\"https:\/\/www.ksv-gf.de\/#website\",\"url\":\"https:\/\/www.ksv-gf.de\/\",\"name\":\"KSV Gifhorn\",\"description\":\"\",\"publisher\":{\"@id\":\"https:\/\/www.ksv-gf.de\/#organization\"},\"potentialAction\":[{\"@type\":\"SearchAction\",\"target\":{\"@type\":\"EntryPoint\",\"urlTemplate\":\"https:\/\/www.ksv-gf.de\/?s={search_term_string}\"},\"query-input\":{\"@type\":\"PropertyValueSpecification\",\"valueRequired\":true,\"valueName\":\"search_term_string\"}}],\"inLanguage\":\"de\"},{\"@type\":\"Organization\",\"@id\":\"https:\/\/www.ksv-gf.de\/#organization\",\"name\":\"Kreissch\u00fctzenverband Gifhorn e.V.\",\"url\":\"https:\/\/www.ksv-gf.de\/\",\"logo\":{\"@type\":\"ImageObject\",\"inLanguage\":\"de\",\"@id\":\"https:\/\/www.ksv-gf.de\/#\/schema\/logo\/image\/\",\"url\":\"https:\/\/www.ksv-gf.de\/wp-content\/uploads\/2021\/05\/cropped-WAPPEN-KSV-GIFHORN_NEU.png\",\"contentUrl\":\"https:\/\/www.ksv-gf.de\/wp-content\/uploads\/2021\/05\/cropped-WAPPEN-KSV-GIFHORN_NEU.png\",\"width\":204,\"height\":250,\"caption\":\"Kreissch\u00fctzenverband Gifhorn e.V.\"},\"image\":{\"@id\":\"https:\/\/www.ksv-gf.de\/#\/schema\/logo\/image\/\"}}]}<\/script>\n<!-- \/ Yoast SEO plugin. -->","yoast_head_json":{"title":"Waffensachkunde - KSV Gifhorn","robots":{"index":"index","follow":"follow","max-snippet":"max-snippet:-1","max-image-preview":"max-image-preview:large","max-video-preview":"max-video-preview:-1"},"canonical":"https:\/\/www.ksv-gf.de\/?page_id=27","og_locale":"de_DE","og_type":"article","og_title":"Waffensachkunde - KSV Gifhorn","og_description":"Die Sachkundeausbildung sichert die vom Waffenrecht geforderte Qualifikation f\u00fcr Erwerb, Besitz und Transport von Waffen und Munition. Sie ist ebenfalls erforderlich f\u00fcr verantwortliche Aufsichtspersonen auf Schie\u00dfst\u00e4tten f\u00fcr Feuerwaffen. Vorrausetzung: Mindestalter &hellip; \u201eWaffensachkunde\u201c weiterlesen","og_url":"https:\/\/www.ksv-gf.de\/?page_id=27","og_site_name":"KSV Gifhorn","article_modified_time":"2019-11-20T23:45:08+00:00","twitter_card":"summary_large_image","twitter_misc":{"Gesch\u00e4tzte Lesezeit":"1\u00a0Minute"},"schema":{"@context":"https:\/\/schema.org","@graph":[{"@type":"WebPage","@id":"https:\/\/www.ksv-gf.de\/?page_id=27","url":"https:\/\/www.ksv-gf.de\/?page_id=27","name":"Waffensachkunde - KSV Gifhorn","isPartOf":{"@id":"https:\/\/www.ksv-gf.de\/#website"},"datePublished":"2019-03-17T12:35:20+00:00","dateModified":"2019-11-20T23:45:08+00:00","breadcrumb":{"@id":"https:\/\/www.ksv-gf.de\/?page_id=27#breadcrumb"},"inLanguage":"de","potentialAction":[{"@type":"ReadAction","target":["https:\/\/www.ksv-gf.de\/?page_id=27"]}]},{"@type":"BreadcrumbList","@id":"https:\/\/www.ksv-gf.de\/?page_id=27#breadcrumb","itemListElement":[{"@type":"ListItem","position":1,"name":"Startseite","item":"https:\/\/www.ksv-gf.de\/"},{"@type":"ListItem","position":2,"name":"Bildung","item":"https:\/\/www.ksv-gf.de\/?page_id=36"},{"@type":"ListItem","position":3,"name":"Waffensachkunde"}]},{"@type":"WebSite","@id":"https:\/\/www.ksv-gf.de\/#website","url":"https:\/\/www.ksv-gf.de\/","name":"KSV Gifhorn","description":"","publisher":{"@id":"https:\/\/www.ksv-gf.de\/#organization"},"potentialAction":[{"@type":"SearchAction","target":{"@type":"EntryPoint","urlTemplate":"https:\/\/www.ksv-gf.de\/?s={search_term_string}"},"query-input":{"@type":"PropertyValueSpecification","valueRequired":true,"valueName":"search_term_string"}}],"inLanguage":"de"},{"@type":"Organization","@id":"https:\/\/www.ksv-gf.de\/#organization","name":"Kreissch\u00fctzenverband Gifhorn e.V.","url":"https:\/\/www.ksv-gf.de\/","logo":{"@type":"ImageObject","inLanguage":"de","@id":"https:\/\/www.ksv-gf.de\/#\/schema\/logo\/image\/","url":"https:\/\/www.ksv-gf.de\/wp-content\/uploads\/2021\/05\/cropped-WAPPEN-KSV-GIFHORN_NEU.png","contentUrl":"https:\/\/www.ksv-gf.de\/wp-content\/uploads\/2021\/05\/cropped-WAPPEN-KSV-GIFHORN_NEU.png","width":204,"height":250,"caption":"Kreissch\u00fctzenverband Gifhorn e.V."},"image":{"@id":"https:\/\/www.ksv-gf.de\/#\/schema\/logo\/image\/"}}]}},"jetpack_sharing_enabled":true,"publishpress_future_action":{"enabled":false,"date":"2026-05-06 12:57:52","action":"change-status","newStatus":"draft","terms":[],"taxonomy":"","extraData":[]},"publishpress_future_workflow_manual_trigger":{"enabledWorkflows":[]},"_links":{"self":[{"href":"https:\/\/www.ksv-gf.de\/index.php?rest_route=\/wp\/v2\/pages\/27","targetHints":{"allow":["GET"]}}],"collection":[{"href":"https:\/\/www.ksv-gf.de\/index.php?rest_route=\/wp\/v2\/pages"}],"about":[{"href":"https:\/\/www.ksv-gf.de\/index.php?rest_route=\/wp\/v2\/types\/page"}],"author":[{"embeddable":true,"href":"https:\/\/www.ksv-gf.de\/index.php?rest_route=\/wp\/v2\/users\/1"}],"replies":[{"embeddable":true,"href":"https:\/\/www.ksv-gf.de\/index.php?rest_route=%2Fwp%2Fv2%2Fcomments&post=27"}],"version-history":[{"count":3,"href":"https:\/\/www.ksv-gf.de\/index.php?rest_route=\/wp\/v2\/pages\/27\/revisions"}],"predecessor-version":[{"id":242,"href":"https:\/\/www.ksv-gf.de\/index.php?rest_route=\/wp\/v2\/pages\/27\/revisions\/242"}],"up":[{"embeddable":true,"href":"https:\/\/www.ksv-gf.de\/index.php?rest_route=\/wp\/v2\/pages\/36"}],"wp:attachment":[{"href":"https:\/\/www.ksv-gf.de\/index.php?rest_route=%2Fwp%2Fv2%2Fmedia&parent=27"}],"curies":[{"name":"wp","href":"https:\/\/api.w.org\/{rel}","templated":true}]}}