{"id":225,"date":"2019-03-18T00:43:33","date_gmt":"2019-03-17T23:43:33","guid":{"rendered":"https:\/\/www.ksv-gf.de\/?page_id=225"},"modified":"2019-11-21T17:29:44","modified_gmt":"2019-11-21T16:29:44","slug":"standausicht-feurwaffen","status":"publish","type":"page","link":"https:\/\/www.ksv-gf.de\/?page_id=225","title":{"rendered":"Standausicht Feurwaffen"},"content":{"rendered":"\n<p>Handlungsfeld:<\/p>\n\n\n\n<p>In Erg\u00e4nzung zur Sachkundeausbildung sichert die Ausbildung f\u00fcr verantwortliche Aufsichtspersonen (Schie\u00df- und Standaufsicht) die vom Waffenrecht geforderte Qualifikation ab. Dar\u00fcber hinaus erwerben die Teilnehmenden eine Handlungskompetenz im sachgerechten Umgang mit Waffen, sowie notwendiger Mindeststandards von Schie\u00dfsportanlagen.<\/p>\n\n\n\n<p>Ziele:<\/p>\n\n\n\n<ul class=\"wp-block-list\"><li>Aufbauend auf vorhandene Kenntnisse und Erfahrungen der Teilnehmenden wird eine Weiterentwicklung der folgenden Kompetenzen angestrebt<\/li><\/ul>\n\n\n\n<p>Inhalte:<\/p>\n\n\n\n<ul class=\"wp-block-list\"><li>Grundlegende Kommunikationskompetenz<\/li><li>Fachliche Kompetenz (Aufsichtsrecht, Schie\u00dfst\u00e4ttenregularien)<\/li><li>Verhalten vor Gruppen und Umgang mit Verschiedenheiten<\/li><li>Aufsichts-und Sorgfaltspflicht sowie Haftungsfragen<\/li><li>Prakt. Unterweisung in verschiedenen Schu\u00dfwaffen<\/li><\/ul>\n\n\n\n<p>Voraussetzungen:<\/p>\n\n\n\n<ul class=\"wp-block-list\"><li>Vollendung des 18. Lebensjahres<\/li><li>Mitgliedschaft in einem dem DSB angeschlossenen Verein<\/li><li>Zuverl\u00e4ssig und pers. geeignet (bescheinigt durch den Verein)<\/li><li>Waffensachkunde nach &amp;7 WaffG<\/li><li>Die DSB-Lizenz ist NICHT zwingend erforderlich! Es reicht eine Allgemein annerkannte WSK-Lizenz. <\/li><\/ul>\n\n\n\n<p>Dauer:<\/p>\n\n\n\n<ul class=\"wp-block-list\"><li>4 Lerneinheiten (LE, 1xLE=45 Min.)<\/li><\/ul>\n\n\n\n<p>Eine Kombination der Waffen- und Sachkunde Ausbildung mit der Qualifizierung von Schie\u00df- und Standaufsichten ist zul\u00e4ssig und ausdr\u00fccklich empfohlen.<\/p>\n\n\n\n<p>Prf\u00fcfung:<\/p>\n\n\n\n<ul class=\"wp-block-list\"><li>Praktische Pr\u00fcfung<\/li><li>Pr\u00fcfungsgespr\u00e4ch<\/li><\/ul>\n","protected":false},"excerpt":{"rendered":"<p>Handlungsfeld: In Erg\u00e4nzung zur Sachkundeausbildung sichert die Ausbildung f\u00fcr verantwortliche Aufsichtspersonen (Schie\u00df- und Standaufsicht) die vom Waffenrecht geforderte Qualifikation ab. Dar\u00fcber hinaus erwerben die Teilnehmenden eine Handlungskompetenz im sachgerechten Umgang &hellip; <\/p>\n<p class=\"link-more\"><a href=\"https:\/\/www.ksv-gf.de\/?page_id=225\" class=\"more-link\"><span class=\"screen-reader-text\">\u201eStandausicht Feurwaffen\u201c <\/span>weiterlesen<\/a><\/p>\n","protected":false},"author":1,"featured_media":0,"parent":36,"menu_order":0,"comment_status":"closed","ping_status":"closed","template":"","meta":{"footnotes":""},"class_list":["post-225","page","type-page","status-publish","hentry"],"yoast_head":"<!-- This site is optimized with the Yoast SEO plugin v27.1.1 - https:\/\/yoast.com\/product\/yoast-seo-wordpress\/ -->\n<title>Standausicht Feurwaffen - KSV Gifhorn<\/title>\n<meta name=\"robots\" content=\"index, follow, max-snippet:-1, max-image-preview:large, max-video-preview:-1\" \/>\n<link rel=\"canonical\" href=\"https:\/\/www.ksv-gf.de\/?page_id=225\" \/>\n<meta property=\"og:locale\" content=\"de_DE\" \/>\n<meta property=\"og:type\" content=\"article\" \/>\n<meta property=\"og:title\" content=\"Standausicht Feurwaffen - KSV Gifhorn\" \/>\n<meta property=\"og:description\" content=\"Handlungsfeld: In Erg\u00e4nzung zur Sachkundeausbildung sichert die Ausbildung f\u00fcr verantwortliche Aufsichtspersonen (Schie\u00df- und Standaufsicht) die vom Waffenrecht geforderte Qualifikation ab. Dar\u00fcber hinaus erwerben die Teilnehmenden eine Handlungskompetenz im sachgerechten Umgang &hellip; \u201eStandausicht Feurwaffen\u201c weiterlesen\" \/>\n<meta property=\"og:url\" content=\"https:\/\/www.ksv-gf.de\/?page_id=225\" \/>\n<meta property=\"og:site_name\" content=\"KSV Gifhorn\" \/>\n<meta property=\"article:modified_time\" content=\"2019-11-21T16:29:44+00:00\" \/>\n<meta name=\"twitter:card\" content=\"summary_large_image\" \/>\n<meta name=\"twitter:label1\" content=\"Gesch\u00e4tzte Lesezeit\" \/>\n\t<meta name=\"twitter:data1\" content=\"1\u00a0Minute\" \/>\n<script type=\"application\/ld+json\" class=\"yoast-schema-graph\">{\"@context\":\"https:\/\/schema.org\",\"@graph\":[{\"@type\":\"WebPage\",\"@id\":\"https:\/\/www.ksv-gf.de\/?page_id=225\",\"url\":\"https:\/\/www.ksv-gf.de\/?page_id=225\",\"name\":\"Standausicht Feurwaffen - KSV Gifhorn\",\"isPartOf\":{\"@id\":\"https:\/\/www.ksv-gf.de\/#website\"},\"datePublished\":\"2019-03-17T23:43:33+00:00\",\"dateModified\":\"2019-11-21T16:29:44+00:00\",\"breadcrumb\":{\"@id\":\"https:\/\/www.ksv-gf.de\/?page_id=225#breadcrumb\"},\"inLanguage\":\"de\",\"potentialAction\":[{\"@type\":\"ReadAction\",\"target\":[\"https:\/\/www.ksv-gf.de\/?page_id=225\"]}]},{\"@type\":\"BreadcrumbList\",\"@id\":\"https:\/\/www.ksv-gf.de\/?page_id=225#breadcrumb\",\"itemListElement\":[{\"@type\":\"ListItem\",\"position\":1,\"name\":\"Startseite\",\"item\":\"https:\/\/www.ksv-gf.de\/\"},{\"@type\":\"ListItem\",\"position\":2,\"name\":\"Bildung\",\"item\":\"https:\/\/www.ksv-gf.de\/?page_id=36\"},{\"@type\":\"ListItem\",\"position\":3,\"name\":\"Standausicht Feurwaffen\"}]},{\"@type\":\"WebSite\",\"@id\":\"https:\/\/www.ksv-gf.de\/#website\",\"url\":\"https:\/\/www.ksv-gf.de\/\",\"name\":\"KSV Gifhorn\",\"description\":\"\",\"publisher\":{\"@id\":\"https:\/\/www.ksv-gf.de\/#organization\"},\"potentialAction\":[{\"@type\":\"SearchAction\",\"target\":{\"@type\":\"EntryPoint\",\"urlTemplate\":\"https:\/\/www.ksv-gf.de\/?s={search_term_string}\"},\"query-input\":{\"@type\":\"PropertyValueSpecification\",\"valueRequired\":true,\"valueName\":\"search_term_string\"}}],\"inLanguage\":\"de\"},{\"@type\":\"Organization\",\"@id\":\"https:\/\/www.ksv-gf.de\/#organization\",\"name\":\"Kreissch\u00fctzenverband Gifhorn e.V.\",\"url\":\"https:\/\/www.ksv-gf.de\/\",\"logo\":{\"@type\":\"ImageObject\",\"inLanguage\":\"de\",\"@id\":\"https:\/\/www.ksv-gf.de\/#\/schema\/logo\/image\/\",\"url\":\"https:\/\/www.ksv-gf.de\/wp-content\/uploads\/2021\/05\/cropped-WAPPEN-KSV-GIFHORN_NEU.png\",\"contentUrl\":\"https:\/\/www.ksv-gf.de\/wp-content\/uploads\/2021\/05\/cropped-WAPPEN-KSV-GIFHORN_NEU.png\",\"width\":204,\"height\":250,\"caption\":\"Kreissch\u00fctzenverband Gifhorn e.V.\"},\"image\":{\"@id\":\"https:\/\/www.ksv-gf.de\/#\/schema\/logo\/image\/\"}}]}<\/script>\n<!-- \/ Yoast SEO plugin. -->","yoast_head_json":{"title":"Standausicht Feurwaffen - KSV Gifhorn","robots":{"index":"index","follow":"follow","max-snippet":"max-snippet:-1","max-image-preview":"max-image-preview:large","max-video-preview":"max-video-preview:-1"},"canonical":"https:\/\/www.ksv-gf.de\/?page_id=225","og_locale":"de_DE","og_type":"article","og_title":"Standausicht Feurwaffen - KSV Gifhorn","og_description":"Handlungsfeld: In Erg\u00e4nzung zur Sachkundeausbildung sichert die Ausbildung f\u00fcr verantwortliche Aufsichtspersonen (Schie\u00df- und Standaufsicht) die vom Waffenrecht geforderte Qualifikation ab. Dar\u00fcber hinaus erwerben die Teilnehmenden eine Handlungskompetenz im sachgerechten Umgang &hellip; \u201eStandausicht Feurwaffen\u201c weiterlesen","og_url":"https:\/\/www.ksv-gf.de\/?page_id=225","og_site_name":"KSV Gifhorn","article_modified_time":"2019-11-21T16:29:44+00:00","twitter_card":"summary_large_image","twitter_misc":{"Gesch\u00e4tzte Lesezeit":"1\u00a0Minute"},"schema":{"@context":"https:\/\/schema.org","@graph":[{"@type":"WebPage","@id":"https:\/\/www.ksv-gf.de\/?page_id=225","url":"https:\/\/www.ksv-gf.de\/?page_id=225","name":"Standausicht Feurwaffen - KSV Gifhorn","isPartOf":{"@id":"https:\/\/www.ksv-gf.de\/#website"},"datePublished":"2019-03-17T23:43:33+00:00","dateModified":"2019-11-21T16:29:44+00:00","breadcrumb":{"@id":"https:\/\/www.ksv-gf.de\/?page_id=225#breadcrumb"},"inLanguage":"de","potentialAction":[{"@type":"ReadAction","target":["https:\/\/www.ksv-gf.de\/?page_id=225"]}]},{"@type":"BreadcrumbList","@id":"https:\/\/www.ksv-gf.de\/?page_id=225#breadcrumb","itemListElement":[{"@type":"ListItem","position":1,"name":"Startseite","item":"https:\/\/www.ksv-gf.de\/"},{"@type":"ListItem","position":2,"name":"Bildung","item":"https:\/\/www.ksv-gf.de\/?page_id=36"},{"@type":"ListItem","position":3,"name":"Standausicht Feurwaffen"}]},{"@type":"WebSite","@id":"https:\/\/www.ksv-gf.de\/#website","url":"https:\/\/www.ksv-gf.de\/","name":"KSV Gifhorn","description":"","publisher":{"@id":"https:\/\/www.ksv-gf.de\/#organization"},"potentialAction":[{"@type":"SearchAction","target":{"@type":"EntryPoint","urlTemplate":"https:\/\/www.ksv-gf.de\/?s={search_term_string}"},"query-input":{"@type":"PropertyValueSpecification","valueRequired":true,"valueName":"search_term_string"}}],"inLanguage":"de"},{"@type":"Organization","@id":"https:\/\/www.ksv-gf.de\/#organization","name":"Kreissch\u00fctzenverband Gifhorn e.V.","url":"https:\/\/www.ksv-gf.de\/","logo":{"@type":"ImageObject","inLanguage":"de","@id":"https:\/\/www.ksv-gf.de\/#\/schema\/logo\/image\/","url":"https:\/\/www.ksv-gf.de\/wp-content\/uploads\/2021\/05\/cropped-WAPPEN-KSV-GIFHORN_NEU.png","contentUrl":"https:\/\/www.ksv-gf.de\/wp-content\/uploads\/2021\/05\/cropped-WAPPEN-KSV-GIFHORN_NEU.png","width":204,"height":250,"caption":"Kreissch\u00fctzenverband Gifhorn e.V."},"image":{"@id":"https:\/\/www.ksv-gf.de\/#\/schema\/logo\/image\/"}}]}},"jetpack_sharing_enabled":true,"publishpress_future_action":{"enabled":false,"date":"2026-05-07 22:30:06","action":"change-status","newStatus":"draft","terms":[],"taxonomy":"","extraData":[]},"publishpress_future_workflow_manual_trigger":{"enabledWorkflows":[]},"_links":{"self":[{"href":"https:\/\/www.ksv-gf.de\/index.php?rest_route=\/wp\/v2\/pages\/225","targetHints":{"allow":["GET"]}}],"collection":[{"href":"https:\/\/www.ksv-gf.de\/index.php?rest_route=\/wp\/v2\/pages"}],"about":[{"href":"https:\/\/www.ksv-gf.de\/index.php?rest_route=\/wp\/v2\/types\/page"}],"author":[{"embeddable":true,"href":"https:\/\/www.ksv-gf.de\/index.php?rest_route=\/wp\/v2\/users\/1"}],"replies":[{"embeddable":true,"href":"https:\/\/www.ksv-gf.de\/index.php?rest_route=%2Fwp%2Fv2%2Fcomments&post=225"}],"version-history":[{"count":1,"href":"https:\/\/www.ksv-gf.de\/index.php?rest_route=\/wp\/v2\/pages\/225\/revisions"}],"predecessor-version":[{"id":226,"href":"https:\/\/www.ksv-gf.de\/index.php?rest_route=\/wp\/v2\/pages\/225\/revisions\/226"}],"up":[{"embeddable":true,"href":"https:\/\/www.ksv-gf.de\/index.php?rest_route=\/wp\/v2\/pages\/36"}],"wp:attachment":[{"href":"https:\/\/www.ksv-gf.de\/index.php?rest_route=%2Fwp%2Fv2%2Fmedia&parent=225"}],"curies":[{"name":"wp","href":"https:\/\/api.w.org\/{rel}","templated":true}]}}