{"id":19,"date":"2019-03-17T13:32:29","date_gmt":"2019-03-17T12:32:29","guid":{"rendered":"https:\/\/www.ksv-gf.de\/?page_id=19"},"modified":"2025-03-09T18:23:03","modified_gmt":"2025-03-09T17:23:03","slug":"vereine","status":"publish","type":"page","link":"https:\/\/www.ksv-gf.de\/?page_id=19","title":{"rendered":"Vereine"},"content":{"rendered":"\n<figure class=\"wp-block-table\"><table><tbody><tr><td><a href=\"https:\/\/www.facebook.com\/KKS-Abbesb%C3%BCttel-EV-1926-116964615057586\/timeline\/\">KKS Abbesb\u00fcttel<\/a> (Facebook)<\/td><td><a href=\"https:\/\/www.schuetzenverein-meine.de\/\">SV Meine<\/a><\/td><\/tr><tr><td><a href=\"http:\/\/www.sch\u00fctzenverein-adenb\u00fcttel.de\">SV Adenb\u00fcttel<\/a><\/td><td><a href=\"http:\/\/www.sch\u00fctzenverein-meinersen.de\">SV Meinersen<\/a><\/td><\/tr><tr><td><a href=\"http:\/\/www.schuetzenverein-ahnsen.de\/\">SV Ahnsen<\/a><\/td><td><a href=\"http:\/\/www.sv-mueden.de\/home\/home.php\">SV M\u00fcden \/ Dieckhorst<\/a><\/td><\/tr><tr><td><a href=\"http:\/\/www.sv-allerbuettel.de\">SV Allerb\u00fcttel<\/a><\/td><td><a href=\"http:\/\/www.schuetzenverein-neubokel.de\">SV Neubokel<\/a><\/td><\/tr><tr><td>SV Ausb\u00fcttel<\/td><td><a href=\"http:\/\/www.Sch\u00fctzenverein-Neudorf-Platendorf.de\">SV Neudorf \/ Platendorf<\/a><\/td><\/tr><tr><td><a href=\"http:\/\/www.schuetzenverein-calberlah.de\">SV Calberlah<\/a><\/td><td>SG P\u00e4se<\/td><\/tr><tr><td><a href=\"http:\/\/www.schuetzenverein-dannenbuettel.de\/\">SV Dannenb\u00fcttel<\/a><\/td><td><a href=\"http:\/\/skrethen.de\">SK Rethen<\/a><\/td><\/tr><tr><td>SC Eickhorst<\/td><td>SG Ribbesb\u00fcttel<\/td><\/tr><tr><td><a href=\"http:\/\/www.schuetzenverein-ettenbuettel.de\">SV Ettenb\u00fcttel<\/a><\/td><td>SG Rolfsb\u00fcttel<\/td><\/tr><tr><td><a href=\"http:\/\/www.flettmar.info\/schuetzenverein\/index.htm\">SV Flettmar<\/a><\/td><td><a href=\"http:\/\/www.roetgesbuettel.de\/vereine_gruppen\/schuetzenverein\/\">SV R\u00f6tgesb\u00fcttel<\/a><\/td><\/tr><tr><td>SG Gamsen<\/td><td><a href=\"http:\/\/www.schuetzen1912.de\/\">SV St\u00fcde<\/a><\/td><\/tr><tr><td><a href=\"http:\/\/www.bskgifhorn.de\">BSK Gifhorn<\/a><\/td><td>SSG S\u00fcdheide<\/td><\/tr><tr><td><a href=\"http:\/\/www.ssg-gifhorn.de\">SSG Gifhorn<\/a><\/td><td><a href=\"http:\/\/www.sch\u00fctzenverein-triangel.de\/\">SV Triangel<\/a><\/td><\/tr><tr><td><a href=\"http:\/\/www.usk-gifhorn.de\">USK Gifhorn<\/a><\/td><td><a href=\"https:\/\/www.schuetzenverein-vollbuettel.de\">SV Vollb\u00fcttel<\/a><\/td><\/tr><tr><td><a href=\"http:\/\/www.kks-tell.de\">KKSV Gravenhorst \/ Ohnhorst<\/a><\/td><td><a href=\"http:\/\/sg-vordorf.beepworld.de\/\">SG Vordorf<\/a><\/td><\/tr><tr><td>SV Gro\u00df Schw\u00fclper<\/td><td><a href=\"http:\/\/www.wagenhoffer-sg.de\">Wagenhoff SG<\/a><\/td><\/tr><tr><td><a href=\"https:\/\/sch\u00fctzenverein-grussendorf.de\/\" target=\"_blank\" rel=\"noreferrer noopener\">SV Gru\u00dfendorf<\/a><\/td><td><a href=\"http:\/\/www.sv-wasbuettel.de\">SV Wasb\u00fcttel<\/a><\/td><\/tr><tr><td><a href=\"http:\/\/www.schuetzen-hillerse.de\">SG Hillerse<\/a><\/td><td><a href=\"http:\/\/www.germaniawedelheine-wedesb\u00fcttel.de\/\">SV Wedelheine \/ Wedesb\u00fcttel<\/a><\/td><\/tr><tr><td><a href=\"https:\/\/bsc-isenbuettel.de\/\">BSC Isenb\u00fcttel<\/a><\/td><td><a href=\"http:\/\/www.sch\u00fctzengesellschaft-wesendorf.de\/\">SG Wesendorf<\/a><\/td><\/tr><tr><td>SV Isenb\u00fcttel-Gifhorn<\/td><td>SV Westerbeck<\/td><\/tr><tr><td>SV K\u00e4storf<\/td><td>SSV Wettmershagen<\/td><\/tr><tr><td><a href=\"http:\/\/www.sg-lagesbuettel.de\/kkv-lagesbuettel\">KKSV Lagesb\u00fcttel<\/a><\/td><td><a href=\"http:\/\/www.schuetzenverein-wilsche.de\/\">SV Wilsche<\/a><\/td><\/tr><tr><td><a href=\"http:\/\/www.schuetzenverein-leiferde.de\/index.html\">SV Leiferde<\/a><\/td><td>SG Winkel<\/td><\/tr><tr><td>SV Lessien<\/td><td><\/td><\/tr><\/tbody><\/table><\/figure>\n\n\n\n<p><\/p>\n","protected":false},"excerpt":{"rendered":"<p>KKS Abbesb\u00fcttel (Facebook) SV Meine SV Adenb\u00fcttel SV Meinersen SV Ahnsen SV M\u00fcden \/ Dieckhorst SV Allerb\u00fcttel SV Neubokel SV Ausb\u00fcttel SV Neudorf \/ Platendorf SV Calberlah SG P\u00e4se SV &hellip; <\/p>\n<p class=\"link-more\"><a href=\"https:\/\/www.ksv-gf.de\/?page_id=19\" class=\"more-link\"><span class=\"screen-reader-text\">\u201eVereine\u201c <\/span>weiterlesen<\/a><\/p>\n","protected":false},"author":1,"featured_media":0,"parent":46,"menu_order":0,"comment_status":"closed","ping_status":"closed","template":"","meta":{"footnotes":""},"class_list":["post-19","page","type-page","status-publish","hentry"],"yoast_head":"<!-- This site is optimized with the Yoast SEO plugin v27.1.1 - https:\/\/yoast.com\/product\/yoast-seo-wordpress\/ -->\n<title>Vereine - KSV Gifhorn<\/title>\n<meta name=\"robots\" content=\"index, follow, max-snippet:-1, max-image-preview:large, max-video-preview:-1\" \/>\n<link rel=\"canonical\" href=\"https:\/\/www.ksv-gf.de\/?page_id=19\" \/>\n<meta property=\"og:locale\" content=\"de_DE\" \/>\n<meta property=\"og:type\" content=\"article\" \/>\n<meta property=\"og:title\" content=\"Vereine - KSV Gifhorn\" \/>\n<meta property=\"og:description\" content=\"KKS Abbesb\u00fcttel (Facebook) SV Meine SV Adenb\u00fcttel SV Meinersen SV Ahnsen SV M\u00fcden \/ Dieckhorst SV Allerb\u00fcttel SV Neubokel SV Ausb\u00fcttel SV Neudorf \/ Platendorf SV Calberlah SG P\u00e4se SV &hellip; \u201eVereine\u201c weiterlesen\" \/>\n<meta property=\"og:url\" content=\"https:\/\/www.ksv-gf.de\/?page_id=19\" \/>\n<meta property=\"og:site_name\" content=\"KSV Gifhorn\" \/>\n<meta property=\"article:modified_time\" content=\"2025-03-09T17:23:03+00:00\" \/>\n<meta name=\"twitter:card\" content=\"summary_large_image\" \/>\n<meta name=\"twitter:label1\" content=\"Gesch\u00e4tzte Lesezeit\" \/>\n\t<meta name=\"twitter:data1\" content=\"1\u00a0Minute\" \/>\n<script type=\"application\/ld+json\" class=\"yoast-schema-graph\">{\"@context\":\"https:\/\/schema.org\",\"@graph\":[{\"@type\":\"WebPage\",\"@id\":\"https:\/\/www.ksv-gf.de\/?page_id=19\",\"url\":\"https:\/\/www.ksv-gf.de\/?page_id=19\",\"name\":\"Vereine - KSV Gifhorn\",\"isPartOf\":{\"@id\":\"https:\/\/www.ksv-gf.de\/#website\"},\"datePublished\":\"2019-03-17T12:32:29+00:00\",\"dateModified\":\"2025-03-09T17:23:03+00:00\",\"breadcrumb\":{\"@id\":\"https:\/\/www.ksv-gf.de\/?page_id=19#breadcrumb\"},\"inLanguage\":\"de\",\"potentialAction\":[{\"@type\":\"ReadAction\",\"target\":[\"https:\/\/www.ksv-gf.de\/?page_id=19\"]}]},{\"@type\":\"BreadcrumbList\",\"@id\":\"https:\/\/www.ksv-gf.de\/?page_id=19#breadcrumb\",\"itemListElement\":[{\"@type\":\"ListItem\",\"position\":1,\"name\":\"Startseite\",\"item\":\"https:\/\/www.ksv-gf.de\/\"},{\"@type\":\"ListItem\",\"position\":2,\"name\":\"Kreisverband\",\"item\":\"https:\/\/www.ksv-gf.de\/?page_id=46\"},{\"@type\":\"ListItem\",\"position\":3,\"name\":\"Vereine\"}]},{\"@type\":\"WebSite\",\"@id\":\"https:\/\/www.ksv-gf.de\/#website\",\"url\":\"https:\/\/www.ksv-gf.de\/\",\"name\":\"KSV Gifhorn\",\"description\":\"\",\"publisher\":{\"@id\":\"https:\/\/www.ksv-gf.de\/#organization\"},\"potentialAction\":[{\"@type\":\"SearchAction\",\"target\":{\"@type\":\"EntryPoint\",\"urlTemplate\":\"https:\/\/www.ksv-gf.de\/?s={search_term_string}\"},\"query-input\":{\"@type\":\"PropertyValueSpecification\",\"valueRequired\":true,\"valueName\":\"search_term_string\"}}],\"inLanguage\":\"de\"},{\"@type\":\"Organization\",\"@id\":\"https:\/\/www.ksv-gf.de\/#organization\",\"name\":\"Kreissch\u00fctzenverband Gifhorn e.V.\",\"url\":\"https:\/\/www.ksv-gf.de\/\",\"logo\":{\"@type\":\"ImageObject\",\"inLanguage\":\"de\",\"@id\":\"https:\/\/www.ksv-gf.de\/#\/schema\/logo\/image\/\",\"url\":\"https:\/\/www.ksv-gf.de\/wp-content\/uploads\/2021\/05\/cropped-WAPPEN-KSV-GIFHORN_NEU.png\",\"contentUrl\":\"https:\/\/www.ksv-gf.de\/wp-content\/uploads\/2021\/05\/cropped-WAPPEN-KSV-GIFHORN_NEU.png\",\"width\":204,\"height\":250,\"caption\":\"Kreissch\u00fctzenverband Gifhorn e.V.\"},\"image\":{\"@id\":\"https:\/\/www.ksv-gf.de\/#\/schema\/logo\/image\/\"}}]}<\/script>\n<!-- \/ Yoast SEO plugin. -->","yoast_head_json":{"title":"Vereine - KSV Gifhorn","robots":{"index":"index","follow":"follow","max-snippet":"max-snippet:-1","max-image-preview":"max-image-preview:large","max-video-preview":"max-video-preview:-1"},"canonical":"https:\/\/www.ksv-gf.de\/?page_id=19","og_locale":"de_DE","og_type":"article","og_title":"Vereine - KSV Gifhorn","og_description":"KKS Abbesb\u00fcttel (Facebook) SV Meine SV Adenb\u00fcttel SV Meinersen SV Ahnsen SV M\u00fcden \/ Dieckhorst SV Allerb\u00fcttel SV Neubokel SV Ausb\u00fcttel SV Neudorf \/ Platendorf SV Calberlah SG P\u00e4se SV &hellip; \u201eVereine\u201c weiterlesen","og_url":"https:\/\/www.ksv-gf.de\/?page_id=19","og_site_name":"KSV Gifhorn","article_modified_time":"2025-03-09T17:23:03+00:00","twitter_card":"summary_large_image","twitter_misc":{"Gesch\u00e4tzte Lesezeit":"1\u00a0Minute"},"schema":{"@context":"https:\/\/schema.org","@graph":[{"@type":"WebPage","@id":"https:\/\/www.ksv-gf.de\/?page_id=19","url":"https:\/\/www.ksv-gf.de\/?page_id=19","name":"Vereine - KSV Gifhorn","isPartOf":{"@id":"https:\/\/www.ksv-gf.de\/#website"},"datePublished":"2019-03-17T12:32:29+00:00","dateModified":"2025-03-09T17:23:03+00:00","breadcrumb":{"@id":"https:\/\/www.ksv-gf.de\/?page_id=19#breadcrumb"},"inLanguage":"de","potentialAction":[{"@type":"ReadAction","target":["https:\/\/www.ksv-gf.de\/?page_id=19"]}]},{"@type":"BreadcrumbList","@id":"https:\/\/www.ksv-gf.de\/?page_id=19#breadcrumb","itemListElement":[{"@type":"ListItem","position":1,"name":"Startseite","item":"https:\/\/www.ksv-gf.de\/"},{"@type":"ListItem","position":2,"name":"Kreisverband","item":"https:\/\/www.ksv-gf.de\/?page_id=46"},{"@type":"ListItem","position":3,"name":"Vereine"}]},{"@type":"WebSite","@id":"https:\/\/www.ksv-gf.de\/#website","url":"https:\/\/www.ksv-gf.de\/","name":"KSV Gifhorn","description":"","publisher":{"@id":"https:\/\/www.ksv-gf.de\/#organization"},"potentialAction":[{"@type":"SearchAction","target":{"@type":"EntryPoint","urlTemplate":"https:\/\/www.ksv-gf.de\/?s={search_term_string}"},"query-input":{"@type":"PropertyValueSpecification","valueRequired":true,"valueName":"search_term_string"}}],"inLanguage":"de"},{"@type":"Organization","@id":"https:\/\/www.ksv-gf.de\/#organization","name":"Kreissch\u00fctzenverband Gifhorn e.V.","url":"https:\/\/www.ksv-gf.de\/","logo":{"@type":"ImageObject","inLanguage":"de","@id":"https:\/\/www.ksv-gf.de\/#\/schema\/logo\/image\/","url":"https:\/\/www.ksv-gf.de\/wp-content\/uploads\/2021\/05\/cropped-WAPPEN-KSV-GIFHORN_NEU.png","contentUrl":"https:\/\/www.ksv-gf.de\/wp-content\/uploads\/2021\/05\/cropped-WAPPEN-KSV-GIFHORN_NEU.png","width":204,"height":250,"caption":"Kreissch\u00fctzenverband Gifhorn e.V."},"image":{"@id":"https:\/\/www.ksv-gf.de\/#\/schema\/logo\/image\/"}}]}},"jetpack_sharing_enabled":true,"publishpress_future_action":{"enabled":false,"date":"2026-04-23 16:01:00","action":"change-status","newStatus":"draft","terms":[],"taxonomy":"","extraData":[]},"publishpress_future_workflow_manual_trigger":{"enabledWorkflows":[]},"_links":{"self":[{"href":"https:\/\/www.ksv-gf.de\/index.php?rest_route=\/wp\/v2\/pages\/19","targetHints":{"allow":["GET"]}}],"collection":[{"href":"https:\/\/www.ksv-gf.de\/index.php?rest_route=\/wp\/v2\/pages"}],"about":[{"href":"https:\/\/www.ksv-gf.de\/index.php?rest_route=\/wp\/v2\/types\/page"}],"author":[{"embeddable":true,"href":"https:\/\/www.ksv-gf.de\/index.php?rest_route=\/wp\/v2\/users\/1"}],"replies":[{"embeddable":true,"href":"https:\/\/www.ksv-gf.de\/index.php?rest_route=%2Fwp%2Fv2%2Fcomments&post=19"}],"version-history":[{"count":9,"href":"https:\/\/www.ksv-gf.de\/index.php?rest_route=\/wp\/v2\/pages\/19\/revisions"}],"predecessor-version":[{"id":7690,"href":"https:\/\/www.ksv-gf.de\/index.php?rest_route=\/wp\/v2\/pages\/19\/revisions\/7690"}],"up":[{"embeddable":true,"href":"https:\/\/www.ksv-gf.de\/index.php?rest_route=\/wp\/v2\/pages\/46"}],"wp:attachment":[{"href":"https:\/\/www.ksv-gf.de\/index.php?rest_route=%2Fwp%2Fv2%2Fmedia&parent=19"}],"curies":[{"name":"wp","href":"https:\/\/api.w.org\/{rel}","templated":true}]}}